{"id":7,"date":"2019-03-12T21:13:31","date_gmt":"2019-03-12T21:13:31","guid":{"rendered":"http:\/\/www.ttv-olympia.nl\/?page_id=7"},"modified":"2019-03-13T19:35:56","modified_gmt":"2019-03-13T19:35:56","slug":"home","status":"publish","type":"page","link":"https:\/\/ttv-olympia.nl\/index.php\/home\/","title":{"rendered":"Welkom bij Tafeltennisvereniging Olympia!"},"content":{"rendered":"<p>Tafeltennisvereniging OLYMPIA Enkhuizen (opgericht 28 december 1967)<\/p>\n<p>TAFELTENNIS EEN SPORT VOOR IEDEREEN<\/p>\n<p>Tafeltennis of pingpong, iedereen heeft het wel eens geprobeerd. In de garage, op de zolder of tijdens de vakantie. Hoewel tafeltennis er vrij eenvoudig uit ziet blijkt het vaak toch niet zo makkelijk.<\/p>\n<p>Iedereen kan bij Olympia leren tafeltennissen. Er is een jeugd- en een seniorengroep, en genoeg mogelijkheid om te trainen onder begeleiding van enthousiaste trainers. Daarnaast beschikt Olympia over een gezellige kantine waar je onder het genot van een drankje kan napraten over deze boeiende sport. Natuurlijk hoeft niemand direct te beginnen met de training, kijken is ook leuk. Elke vrijdagavond en zaterdagmiddag en\u00a0\u00a0\u00a0 -avond wordt er competitie gespeeld.<\/p>\n<p>Openingstijden zaal<br \/>\nOlympia geeft ge\u00efnteresseerden de kans om gratis \u00e9\u00e9n maand lang mee te trainen met de jeugd of seniorengroep. Op deze manier kan iedereen op zijn gemak beslissen of een lidmaatschap de moeite waard is. De tafeltenniszaal van Olympia staat aan de Gouw 11E (sportpark Het Rietbos). Zie &#8216;Trainingen&#8217; voor meer informatie.<\/p>\n","protected":false},"excerpt":{"rendered":"<p>Tafeltennisvereniging OLYMPIA Enkhuizen (opgericht 28 december 1967) TAFELTENNIS EEN SPORT VOOR IEDEREEN Tafeltennis of pingpong, iedereen heeft het wel eens geprobeerd. In de garage, op de zolder of tijdens de vakantie. Hoewel tafeltennis er vrij eenvoudig uit ziet blijkt het vaak toch niet zo makkelijk. Iedereen kan bij Olympia leren<\/p>\n","protected":false},"author":1,"featured_media":0,"parent":0,"menu_order":0,"comment_status":"closed","ping_status":"closed","template":"","meta":{"footnotes":""},"class_list":["post-7","page","type-page","status-publish","hentry"],"_links":{"self":[{"href":"https:\/\/ttv-olympia.nl\/index.php\/wp-json\/wp\/v2\/pages\/7","targetHints":{"allow":["GET"]}}],"collection":[{"href":"https:\/\/ttv-olympia.nl\/index.php\/wp-json\/wp\/v2\/pages"}],"about":[{"href":"https:\/\/ttv-olympia.nl\/index.php\/wp-json\/wp\/v2\/types\/page"}],"author":[{"embeddable":true,"href":"https:\/\/ttv-olympia.nl\/index.php\/wp-json\/wp\/v2\/users\/1"}],"replies":[{"embeddable":true,"href":"https:\/\/ttv-olympia.nl\/index.php\/wp-json\/wp\/v2\/comments?post=7"}],"version-history":[{"count":6,"href":"https:\/\/ttv-olympia.nl\/index.php\/wp-json\/wp\/v2\/pages\/7\/revisions"}],"predecessor-version":[{"id":56,"href":"https:\/\/ttv-olympia.nl\/index.php\/wp-json\/wp\/v2\/pages\/7\/revisions\/56"}],"wp:attachment":[{"href":"https:\/\/ttv-olympia.nl\/index.php\/wp-json\/wp\/v2\/media?parent=7"}],"curies":[{"name":"wp","href":"https:\/\/api.w.org\/{rel}","templated":true}]}}